{"id":201,"date":"2018-08-26T12:25:36","date_gmt":"2018-08-26T10:25:36","guid":{"rendered":"http:\/\/stadtundkunst.de\/?page_id=201"},"modified":"2021-05-15T13:35:50","modified_gmt":"2021-05-15T11:35:50","slug":"stil","status":"publish","type":"page","link":"http:\/\/stadtundkunst.de\/?page_id=201","title":{"rendered":"Stil"},"content":{"rendered":"\t\t<div data-elementor-type=\"wp-page\" data-elementor-id=\"201\" class=\"elementor elementor-201\">\n\t\t\t\t\t\t\t\t\t<section class=\"elementor-section elementor-top-section elementor-element elementor-element-8ea9181 elementor-section-boxed elementor-section-height-default elementor-section-height-default\" data-id=\"8ea9181\" data-element_type=\"section\">\n\t\t\t\t\t\t<div class=\"elementor-container elementor-column-gap-default\">\n\t\t\t\t\t<div class=\"elementor-column elementor-col-100 elementor-top-column elementor-element elementor-element-62442d9\" data-id=\"62442d9\" data-element_type=\"column\">\n\t\t\t<div class=\"elementor-widget-wrap elementor-element-populated\">\n\t\t\t\t\t\t\t\t<div class=\"elementor-element elementor-element-4c155dca elementor-widget elementor-widget-text-editor\" data-id=\"4c155dca\" data-element_type=\"widget\" data-widget_type=\"text-editor.default\">\n\t\t\t\t<div class=\"elementor-widget-container\">\n\t\t\t\t\t\t\t<pre>Wie die Psyche eines Menschen durch \u00e4u\u00dfere <br \/>und innere Vorg\u00e4nge aus den Fugen ger\u00e4t,<br \/>ist in den Arbeiten des ETA Theater <br \/>ein wiederkehrendes Motiv. <br \/>Ebenso wechseln die Perspektiven auf die Erz\u00e4hlungen. <br \/>Geht ein Mensch an einem Haus vorbei, <br \/>betrachtet er es vom Mond aus, wohnt er darin, <br \/>will er es abrei\u00dfen, das Haus wird sich ver\u00e4ndern.<br \/>Der Destruktion der narrativen Bildsequenz <br \/>folgt die Konstruktion in einer neuen Zeit- und<br \/>Betrachtungsordnung Handlung flie\u00dft wie ein Stadtbach, <br \/>da und dort taucht er auf und verschwindet wieder.<br \/>Das ETA Theater attackiert den Betrachter, <br \/>st\u00fcrzt ihn in eine Flut von Reizen, <br \/>in das Desaster der eigenen Wahrnehmung <br \/>mit filmische Mitteln, wie Schnitt, Montage, \u00dcberblendung.<br \/>Schwingungen wie Einsamkeit, <br \/>Sarkasmus, Verlorenheit, werden so erlebbar.<\/pre>\t\t\t\t\t\t<\/div>\n\t\t\t\t<\/div>\n\t\t\t\t\t<\/div>\n\t\t<\/div>\n\t\t\t\t\t\t\t<\/div>\n\t\t<\/section>\n\t\t\t\t\t\t\t<\/div>\n\t\t","protected":false},"excerpt":{"rendered":"<p>Wie die Psyche eines Menschen durch \u00e4u\u00dfere und innere Vorg\u00e4nge aus den Fugen ger\u00e4t,ist in den Arbeiten des ETA Theater ein wiederkehrendes Motiv. Ebenso wechseln die Perspektiven auf die Erz\u00e4hlungen. Geht ein Mensch an einem Haus vorbei, betrachtet er es vom Mond aus, wohnt er darin, will er es abrei\u00dfen, das Haus wird sich ver\u00e4ndern.Der [&hellip;]<\/p>\n","protected":false},"author":1,"featured_media":0,"parent":0,"menu_order":0,"comment_status":"closed","ping_status":"closed","template":"","meta":{"ngg_post_thumbnail":0},"_links":{"self":[{"href":"http:\/\/stadtundkunst.de\/index.php?rest_route=\/wp\/v2\/pages\/201"}],"collection":[{"href":"http:\/\/stadtundkunst.de\/index.php?rest_route=\/wp\/v2\/pages"}],"about":[{"href":"http:\/\/stadtundkunst.de\/index.php?rest_route=\/wp\/v2\/types\/page"}],"author":[{"embeddable":true,"href":"http:\/\/stadtundkunst.de\/index.php?rest_route=\/wp\/v2\/users\/1"}],"replies":[{"embeddable":true,"href":"http:\/\/stadtundkunst.de\/index.php?rest_route=%2Fwp%2Fv2%2Fcomments&post=201"}],"version-history":[{"count":7,"href":"http:\/\/stadtundkunst.de\/index.php?rest_route=\/wp\/v2\/pages\/201\/revisions"}],"predecessor-version":[{"id":432,"href":"http:\/\/stadtundkunst.de\/index.php?rest_route=\/wp\/v2\/pages\/201\/revisions\/432"}],"wp:attachment":[{"href":"http:\/\/stadtundkunst.de\/index.php?rest_route=%2Fwp%2Fv2%2Fmedia&parent=201"}],"curies":[{"name":"wp","href":"https:\/\/api.w.org\/{rel}","templated":true}]}}