{"id":21,"date":"2018-08-13T15:56:25","date_gmt":"2018-08-13T13:56:25","guid":{"rendered":"http:\/\/stadtundkunst.de\/?page_id=21"},"modified":"2018-08-13T15:56:25","modified_gmt":"2018-08-13T13:56:25","slug":"eta-theater-galerie","status":"publish","type":"page","link":"http:\/\/stadtundkunst.de\/?page_id=21","title":{"rendered":"ETA Theater Galerie"},"content":{"rendered":"<!-- index.php -->\n<div\n\tclass=\"ngg-galleryoverview ngg-ajax-pagination-none\"\n\tid=\"ngg-gallery-744fd3a36e288eb6138ce64b059d444b-1\">\n\n    \t<div class=\"slideshowlink\">\n        <a href='http:\/\/stadtundkunst.de\/index.php\/nggallery\/slideshow?page_id=21'>&#091;Zeige eine Slideshow&#093;<\/a>\n\t\t\n\t<\/div>\n\t\t\t<!-- Thumbnails -->\n\t\t\t\t<div id=\"ngg-image-0\" class=\"ngg-gallery-thumbnail-box\" >\n\t\t\t\t        <div class=\"ngg-gallery-thumbnail\">\n            <a href=\"http:\/\/stadtundkunst.de\/wp-content\/gallery\/galerie-eta-theater\/img545.jpg\"\n               title=\"\"\n               data-src=\"http:\/\/stadtundkunst.de\/wp-content\/gallery\/galerie-eta-theater\/img545.jpg\"\n               data-thumbnail=\"http:\/\/stadtundkunst.de\/wp-content\/gallery\/galerie-eta-theater\/thumbs\/thumbs_img545.jpg\"\n               data-image-id=\"40\"\n               data-title=\"schalip\"\n               data-description=\"\"\n               data-image-slug=\"img545\"\n               class=\"ngg-fancybox\" rel=\"744fd3a36e288eb6138ce64b059d444b\">\n                <img\n                    title=\"schalip\"\n                    alt=\"schalip\"\n                    src=\"http:\/\/stadtundkunst.de\/wp-content\/gallery\/galerie-eta-theater\/thumbs\/thumbs_img545.jpg\"\n                    width=\"240\"\n                    height=\"160\"\n                    style=\"max-width:100%;\"\n                \/>\n            <\/a>\n        <\/div>\n\t\t\t\t\t\t\t<\/div> \n\t\t\t\n        \n\t\t\t\t<div id=\"ngg-image-1\" class=\"ngg-gallery-thumbnail-box\" >\n\t\t\t\t        <div class=\"ngg-gallery-thumbnail\">\n            <a href=\"http:\/\/stadtundkunst.de\/wp-content\/gallery\/galerie-eta-theater\/DSC8718.JPG\"\n               title=\"\"\n               data-src=\"http:\/\/stadtundkunst.de\/wp-content\/gallery\/galerie-eta-theater\/DSC8718.JPG\"\n               data-thumbnail=\"http:\/\/stadtundkunst.de\/wp-content\/gallery\/galerie-eta-theater\/thumbs\/thumbs_DSC8718.JPG\"\n               data-image-id=\"41\"\n               data-title=\"synchronundtot\"\n               data-description=\"\"\n               data-image-slug=\"_dsc8718\"\n               class=\"ngg-fancybox\" rel=\"744fd3a36e288eb6138ce64b059d444b\">\n                <img\n                    title=\"synchronundtot\"\n                    alt=\"synchronundtot\"\n                    src=\"http:\/\/stadtundkunst.de\/wp-content\/gallery\/galerie-eta-theater\/thumbs\/thumbs_DSC8718.JPG\"\n                    width=\"240\"\n                    height=\"160\"\n                    style=\"max-width:100%;\"\n                \/>\n            <\/a>\n        <\/div>\n\t\t\t\t\t\t\t<\/div> \n\t\t\t\n        \n\t\t\t\t<div id=\"ngg-image-2\" class=\"ngg-gallery-thumbnail-box\" >\n\t\t\t\t        <div class=\"ngg-gallery-thumbnail\">\n            <a href=\"http:\/\/stadtundkunst.de\/wp-content\/gallery\/galerie-eta-theater\/DSC8719.JPG\"\n               title=\"\"\n               data-src=\"http:\/\/stadtundkunst.de\/wp-content\/gallery\/galerie-eta-theater\/DSC8719.JPG\"\n               data-thumbnail=\"http:\/\/stadtundkunst.de\/wp-content\/gallery\/galerie-eta-theater\/thumbs\/thumbs_DSC8719.JPG\"\n               data-image-id=\"42\"\n               data-title=\"synchronundtot\"\n               data-description=\"\"\n               data-image-slug=\"_dsc8719\"\n               class=\"ngg-fancybox\" rel=\"744fd3a36e288eb6138ce64b059d444b\">\n                <img\n                    title=\"synchronundtot\"\n                    alt=\"synchronundtot\"\n                    src=\"http:\/\/stadtundkunst.de\/wp-content\/gallery\/galerie-eta-theater\/thumbs\/thumbs_DSC8719.JPG\"\n                    width=\"240\"\n                    height=\"160\"\n                    style=\"max-width:100%;\"\n                \/>\n            <\/a>\n        <\/div>\n\t\t\t\t\t\t\t<\/div> \n\t\t\t\n        \n\t\t\t\t<div id=\"ngg-image-3\" class=\"ngg-gallery-thumbnail-box\" >\n\t\t\t\t        <div class=\"ngg-gallery-thumbnail\">\n            <a href=\"http:\/\/stadtundkunst.de\/wp-content\/gallery\/galerie-eta-theater\/ACC5019.jpg\"\n               title=\"\"\n               data-src=\"http:\/\/stadtundkunst.de\/wp-content\/gallery\/galerie-eta-theater\/ACC5019.jpg\"\n               data-thumbnail=\"http:\/\/stadtundkunst.de\/wp-content\/gallery\/galerie-eta-theater\/thumbs\/thumbs_ACC5019.jpg\"\n               data-image-id=\"47\"\n               data-title=\"Doppelhelix 01\"\n               data-description=\"\"\n               data-image-slug=\"acc5019\"\n               class=\"ngg-fancybox\" rel=\"744fd3a36e288eb6138ce64b059d444b\">\n                <img\n                    title=\"Doppelhelix 01\"\n                    alt=\"Doppelhelix 01\"\n                    src=\"http:\/\/stadtundkunst.de\/wp-content\/gallery\/galerie-eta-theater\/thumbs\/thumbs_ACC5019.jpg\"\n                    width=\"240\"\n                    height=\"160\"\n                    style=\"max-width:100%;\"\n                \/>\n            <\/a>\n        <\/div>\n\t\t\t\t\t\t\t<\/div> \n\t\t\t\n        \n\t\t\t\t<div id=\"ngg-image-4\" class=\"ngg-gallery-thumbnail-box\" >\n\t\t\t\t        <div class=\"ngg-gallery-thumbnail\">\n            <a href=\"http:\/\/stadtundkunst.de\/wp-content\/gallery\/galerie-eta-theater\/ACC5061.jpg\"\n               title=\"\"\n               data-src=\"http:\/\/stadtundkunst.de\/wp-content\/gallery\/galerie-eta-theater\/ACC5061.jpg\"\n               data-thumbnail=\"http:\/\/stadtundkunst.de\/wp-content\/gallery\/galerie-eta-theater\/thumbs\/thumbs_ACC5061.jpg\"\n               data-image-id=\"48\"\n               data-title=\"Doppelhelix 02\"\n               data-description=\"\"\n               data-image-slug=\"acc5061\"\n               class=\"ngg-fancybox\" rel=\"744fd3a36e288eb6138ce64b059d444b\">\n                <img\n                    title=\"Doppelhelix 02\"\n                    alt=\"Doppelhelix 02\"\n                    src=\"http:\/\/stadtundkunst.de\/wp-content\/gallery\/galerie-eta-theater\/thumbs\/thumbs_ACC5061.jpg\"\n                    width=\"240\"\n                    height=\"160\"\n                    style=\"max-width:100%;\"\n                \/>\n            <\/a>\n        <\/div>\n\t\t\t\t\t\t\t<\/div> \n\t\t\t\n        \n\t\t\t\t<div id=\"ngg-image-5\" class=\"ngg-gallery-thumbnail-box\" >\n\t\t\t\t        <div class=\"ngg-gallery-thumbnail\">\n            <a href=\"http:\/\/stadtundkunst.de\/wp-content\/gallery\/galerie-eta-theater\/ACC5085.jpg\"\n               title=\"\"\n               data-src=\"http:\/\/stadtundkunst.de\/wp-content\/gallery\/galerie-eta-theater\/ACC5085.jpg\"\n               data-thumbnail=\"http:\/\/stadtundkunst.de\/wp-content\/gallery\/galerie-eta-theater\/thumbs\/thumbs_ACC5085.jpg\"\n               data-image-id=\"49\"\n               data-title=\"Doppelhelix 03\"\n               data-description=\"\"\n               data-image-slug=\"acc5085\"\n               class=\"ngg-fancybox\" rel=\"744fd3a36e288eb6138ce64b059d444b\">\n                <img\n                    title=\"Doppelhelix 03\"\n                    alt=\"Doppelhelix 03\"\n                    src=\"http:\/\/stadtundkunst.de\/wp-content\/gallery\/galerie-eta-theater\/thumbs\/thumbs_ACC5085.jpg\"\n                    width=\"240\"\n                    height=\"160\"\n                    style=\"max-width:100%;\"\n                \/>\n            <\/a>\n        <\/div>\n\t\t\t\t\t\t\t<\/div> \n\t\t\t\n        \n\t\t\t\t<div id=\"ngg-image-6\" class=\"ngg-gallery-thumbnail-box\" >\n\t\t\t\t        <div class=\"ngg-gallery-thumbnail\">\n            <a href=\"http:\/\/stadtundkunst.de\/wp-content\/gallery\/galerie-eta-theater\/deathrow.jpg\"\n               title=\"\"\n               data-src=\"http:\/\/stadtundkunst.de\/wp-content\/gallery\/galerie-eta-theater\/deathrow.jpg\"\n               data-thumbnail=\"http:\/\/stadtundkunst.de\/wp-content\/gallery\/galerie-eta-theater\/thumbs\/thumbs_deathrow.jpg\"\n               data-image-id=\"1\"\n               data-title=\"deathrow\"\n               data-description=\"\"\n               data-image-slug=\"deathrow\"\n               class=\"ngg-fancybox\" rel=\"744fd3a36e288eb6138ce64b059d444b\">\n                <img\n                    title=\"deathrow\"\n                    alt=\"deathrow\"\n                    src=\"http:\/\/stadtundkunst.de\/wp-content\/gallery\/galerie-eta-theater\/thumbs\/thumbs_deathrow.jpg\"\n                    width=\"240\"\n                    height=\"160\"\n                    style=\"max-width:100%;\"\n                \/>\n            <\/a>\n        <\/div>\n\t\t\t\t\t\t\t<\/div> \n\t\t\t\n        \n\t\t\t\t<div id=\"ngg-image-7\" class=\"ngg-gallery-thumbnail-box\" >\n\t\t\t\t        <div class=\"ngg-gallery-thumbnail\">\n            <a href=\"http:\/\/stadtundkunst.de\/wp-content\/gallery\/galerie-eta-theater\/exitneon.jpg\"\n               title=\"\"\n               data-src=\"http:\/\/stadtundkunst.de\/wp-content\/gallery\/galerie-eta-theater\/exitneon.jpg\"\n               data-thumbnail=\"http:\/\/stadtundkunst.de\/wp-content\/gallery\/galerie-eta-theater\/thumbs\/thumbs_exitneon.jpg\"\n               data-image-id=\"2\"\n               data-title=\"exitneon\"\n               data-description=\"\"\n               data-image-slug=\"exitneon\"\n               class=\"ngg-fancybox\" rel=\"744fd3a36e288eb6138ce64b059d444b\">\n                <img\n                    title=\"exitneon\"\n                    alt=\"exitneon\"\n                    src=\"http:\/\/stadtundkunst.de\/wp-content\/gallery\/galerie-eta-theater\/thumbs\/thumbs_exitneon.jpg\"\n                    width=\"240\"\n                    height=\"160\"\n                    style=\"max-width:100%;\"\n                \/>\n            <\/a>\n        <\/div>\n\t\t\t\t\t\t\t<\/div> \n\t\t\t\n        \n\t\t\t\t<div id=\"ngg-image-8\" class=\"ngg-gallery-thumbnail-box\" >\n\t\t\t\t        <div class=\"ngg-gallery-thumbnail\">\n            <a href=\"http:\/\/stadtundkunst.de\/wp-content\/gallery\/galerie-eta-theater\/fuckitsquare.png\"\n               title=\"\"\n               data-src=\"http:\/\/stadtundkunst.de\/wp-content\/gallery\/galerie-eta-theater\/fuckitsquare.png\"\n               data-thumbnail=\"http:\/\/stadtundkunst.de\/wp-content\/gallery\/galerie-eta-theater\/thumbs\/thumbs_fuckitsquare.png\"\n               data-image-id=\"3\"\n               data-title=\"fuckitsquare\"\n               data-description=\"\"\n               data-image-slug=\"fuckitsquare\"\n               class=\"ngg-fancybox\" rel=\"744fd3a36e288eb6138ce64b059d444b\">\n                <img\n                    title=\"fuckitsquare\"\n                    alt=\"fuckitsquare\"\n                    src=\"http:\/\/stadtundkunst.de\/wp-content\/gallery\/galerie-eta-theater\/thumbs\/thumbs_fuckitsquare.png\"\n                    width=\"240\"\n                    height=\"160\"\n                    style=\"max-width:100%;\"\n                \/>\n            <\/a>\n        <\/div>\n\t\t\t\t\t\t\t<\/div> \n\t\t\t\n        \n\t\t\t\t<div id=\"ngg-image-9\" class=\"ngg-gallery-thumbnail-box\" >\n\t\t\t\t        <div class=\"ngg-gallery-thumbnail\">\n            <a href=\"http:\/\/stadtundkunst.de\/wp-content\/gallery\/galerie-eta-theater\/NSC5580.jpg\"\n               title=\"\"\n               data-src=\"http:\/\/stadtundkunst.de\/wp-content\/gallery\/galerie-eta-theater\/NSC5580.jpg\"\n               data-thumbnail=\"http:\/\/stadtundkunst.de\/wp-content\/gallery\/galerie-eta-theater\/thumbs\/thumbs_NSC5580.jpg\"\n               data-image-id=\"32\"\n               data-title=\"fuckitsquare\"\n               data-description=\"\"\n               data-image-slug=\"_nsc5580\"\n               class=\"ngg-fancybox\" rel=\"744fd3a36e288eb6138ce64b059d444b\">\n                <img\n                    title=\"fuckitsquare\"\n                    alt=\"fuckitsquare\"\n                    src=\"http:\/\/stadtundkunst.de\/wp-content\/gallery\/galerie-eta-theater\/thumbs\/thumbs_NSC5580.jpg\"\n                    width=\"240\"\n                    height=\"160\"\n                    style=\"max-width:100%;\"\n                \/>\n            <\/a>\n        <\/div>\n\t\t\t\t\t\t\t<\/div> \n\t\t\t\n        \n\t\t\t\t<div id=\"ngg-image-10\" class=\"ngg-gallery-thumbnail-box\" >\n\t\t\t\t        <div class=\"ngg-gallery-thumbnail\">\n            <a href=\"http:\/\/stadtundkunst.de\/wp-content\/gallery\/galerie-eta-theater\/NSC5622.jpg\"\n               title=\"\"\n               data-src=\"http:\/\/stadtundkunst.de\/wp-content\/gallery\/galerie-eta-theater\/NSC5622.jpg\"\n               data-thumbnail=\"http:\/\/stadtundkunst.de\/wp-content\/gallery\/galerie-eta-theater\/thumbs\/thumbs_NSC5622.jpg\"\n               data-image-id=\"33\"\n               data-title=\"fuckitsquare\"\n               data-description=\"\"\n               data-image-slug=\"_nsc5622\"\n               class=\"ngg-fancybox\" rel=\"744fd3a36e288eb6138ce64b059d444b\">\n                <img\n                    title=\"fuckitsquare\"\n                    alt=\"fuckitsquare\"\n                    src=\"http:\/\/stadtundkunst.de\/wp-content\/gallery\/galerie-eta-theater\/thumbs\/thumbs_NSC5622.jpg\"\n                    width=\"240\"\n                    height=\"160\"\n                    style=\"max-width:100%;\"\n                \/>\n            <\/a>\n        <\/div>\n\t\t\t\t\t\t\t<\/div> \n\t\t\t\n        \n\t\t\t\t<div id=\"ngg-image-11\" class=\"ngg-gallery-thumbnail-box\" >\n\t\t\t\t        <div class=\"ngg-gallery-thumbnail\">\n            <a href=\"http:\/\/stadtundkunst.de\/wp-content\/gallery\/galerie-eta-theater\/IMG-20180821-WA0004-1.jpg\"\n               title=\"\"\n               data-src=\"http:\/\/stadtundkunst.de\/wp-content\/gallery\/galerie-eta-theater\/IMG-20180821-WA0004-1.jpg\"\n               data-thumbnail=\"http:\/\/stadtundkunst.de\/wp-content\/gallery\/galerie-eta-theater\/thumbs\/thumbs_IMG-20180821-WA0004-1.jpg\"\n               data-image-id=\"34\"\n               data-title=\"fuckitsquare\"\n               data-description=\"\"\n               data-image-slug=\"img-20180821-wa0004-1\"\n               class=\"ngg-fancybox\" rel=\"744fd3a36e288eb6138ce64b059d444b\">\n                <img\n                    title=\"fuckitsquare\"\n                    alt=\"fuckitsquare\"\n                    src=\"http:\/\/stadtundkunst.de\/wp-content\/gallery\/galerie-eta-theater\/thumbs\/thumbs_IMG-20180821-WA0004-1.jpg\"\n                    width=\"240\"\n                    height=\"160\"\n                    style=\"max-width:100%;\"\n                \/>\n            <\/a>\n        <\/div>\n\t\t\t\t\t\t\t<\/div> \n\t\t\t\n        \n\t\t\t\t<div id=\"ngg-image-12\" class=\"ngg-gallery-thumbnail-box\" >\n\t\t\t\t        <div class=\"ngg-gallery-thumbnail\">\n            <a href=\"http:\/\/stadtundkunst.de\/wp-content\/gallery\/galerie-eta-theater\/kuss-d-airb.jpg\"\n               title=\"\"\n               data-src=\"http:\/\/stadtundkunst.de\/wp-content\/gallery\/galerie-eta-theater\/kuss-d-airb.jpg\"\n               data-thumbnail=\"http:\/\/stadtundkunst.de\/wp-content\/gallery\/galerie-eta-theater\/thumbs\/thumbs_kuss-d-airb.jpg\"\n               data-image-id=\"9\"\n               data-title=\"kuss d airb\"\n               data-description=\"\"\n               data-image-slug=\"kuss-d-airb\"\n               class=\"ngg-fancybox\" rel=\"744fd3a36e288eb6138ce64b059d444b\">\n                <img\n                    title=\"kuss d airb\"\n                    alt=\"kuss d airb\"\n                    src=\"http:\/\/stadtundkunst.de\/wp-content\/gallery\/galerie-eta-theater\/thumbs\/thumbs_kuss-d-airb.jpg\"\n                    width=\"240\"\n                    height=\"160\"\n                    style=\"max-width:100%;\"\n                \/>\n            <\/a>\n        <\/div>\n\t\t\t\t\t\t\t<\/div> \n\t\t\t\n        \n\t\t\t\t<div id=\"ngg-image-13\" class=\"ngg-gallery-thumbnail-box\" >\n\t\t\t\t        <div class=\"ngg-gallery-thumbnail\">\n            <a href=\"http:\/\/stadtundkunst.de\/wp-content\/gallery\/galerie-eta-theater\/mombasa.jpg\"\n               title=\"\"\n               data-src=\"http:\/\/stadtundkunst.de\/wp-content\/gallery\/galerie-eta-theater\/mombasa.jpg\"\n               data-thumbnail=\"http:\/\/stadtundkunst.de\/wp-content\/gallery\/galerie-eta-theater\/thumbs\/thumbs_mombasa.jpg\"\n               data-image-id=\"10\"\n               data-title=\"mombasa\"\n               data-description=\"\"\n               data-image-slug=\"mombasa\"\n               class=\"ngg-fancybox\" rel=\"744fd3a36e288eb6138ce64b059d444b\">\n                <img\n                    title=\"mombasa\"\n                    alt=\"mombasa\"\n                    src=\"http:\/\/stadtundkunst.de\/wp-content\/gallery\/galerie-eta-theater\/thumbs\/thumbs_mombasa.jpg\"\n                    width=\"240\"\n                    height=\"160\"\n                    style=\"max-width:100%;\"\n                \/>\n            <\/a>\n        <\/div>\n\t\t\t\t\t\t\t<\/div> \n\t\t\t\n        \n\t\t\t\t<div id=\"ngg-image-14\" class=\"ngg-gallery-thumbnail-box\" >\n\t\t\t\t        <div class=\"ngg-gallery-thumbnail\">\n            <a href=\"http:\/\/stadtundkunst.de\/wp-content\/gallery\/galerie-eta-theater\/multiple.png\"\n               title=\"\"\n               data-src=\"http:\/\/stadtundkunst.de\/wp-content\/gallery\/galerie-eta-theater\/multiple.png\"\n               data-thumbnail=\"http:\/\/stadtundkunst.de\/wp-content\/gallery\/galerie-eta-theater\/thumbs\/thumbs_multiple.png\"\n               data-image-id=\"11\"\n               data-title=\"multiple\"\n               data-description=\"\"\n               data-image-slug=\"multiple\"\n               class=\"ngg-fancybox\" rel=\"744fd3a36e288eb6138ce64b059d444b\">\n                <img\n                    title=\"multiple\"\n                    alt=\"multiple\"\n                    src=\"http:\/\/stadtundkunst.de\/wp-content\/gallery\/galerie-eta-theater\/thumbs\/thumbs_multiple.png\"\n                    width=\"240\"\n                    height=\"160\"\n                    style=\"max-width:100%;\"\n                \/>\n            <\/a>\n        <\/div>\n\t\t\t\t\t\t\t<\/div> \n\t\t\t\n        \n\t\t\t\t<div id=\"ngg-image-15\" class=\"ngg-gallery-thumbnail-box\" >\n\t\t\t\t        <div class=\"ngg-gallery-thumbnail\">\n            <a href=\"http:\/\/stadtundkunst.de\/wp-content\/gallery\/galerie-eta-theater\/ramdiss.jpg\"\n               title=\"\"\n               data-src=\"http:\/\/stadtundkunst.de\/wp-content\/gallery\/galerie-eta-theater\/ramdiss.jpg\"\n               data-thumbnail=\"http:\/\/stadtundkunst.de\/wp-content\/gallery\/galerie-eta-theater\/thumbs\/thumbs_ramdiss.jpg\"\n               data-image-id=\"12\"\n               data-title=\"ramdiss\"\n               data-description=\"\"\n               data-image-slug=\"ramdiss\"\n               class=\"ngg-fancybox\" rel=\"744fd3a36e288eb6138ce64b059d444b\">\n                <img\n                    title=\"ramdiss\"\n                    alt=\"ramdiss\"\n                    src=\"http:\/\/stadtundkunst.de\/wp-content\/gallery\/galerie-eta-theater\/thumbs\/thumbs_ramdiss.jpg\"\n                    width=\"240\"\n                    height=\"160\"\n                    style=\"max-width:100%;\"\n                \/>\n            <\/a>\n        <\/div>\n\t\t\t\t\t\t\t<\/div> \n\t\t\t\n        \n\t\t\t\t<div id=\"ngg-image-16\" class=\"ngg-gallery-thumbnail-box\" >\n\t\t\t\t        <div class=\"ngg-gallery-thumbnail\">\n            <a href=\"http:\/\/stadtundkunst.de\/wp-content\/gallery\/galerie-eta-theater\/sickbrother.jpg\"\n               title=\"\"\n               data-src=\"http:\/\/stadtundkunst.de\/wp-content\/gallery\/galerie-eta-theater\/sickbrother.jpg\"\n               data-thumbnail=\"http:\/\/stadtundkunst.de\/wp-content\/gallery\/galerie-eta-theater\/thumbs\/thumbs_sickbrother.jpg\"\n               data-image-id=\"13\"\n               data-title=\"sickbrother\"\n               data-description=\"\"\n               data-image-slug=\"sickbrother\"\n               class=\"ngg-fancybox\" rel=\"744fd3a36e288eb6138ce64b059d444b\">\n                <img\n                    title=\"sickbrother\"\n                    alt=\"sickbrother\"\n                    src=\"http:\/\/stadtundkunst.de\/wp-content\/gallery\/galerie-eta-theater\/thumbs\/thumbs_sickbrother.jpg\"\n                    width=\"240\"\n                    height=\"160\"\n                    style=\"max-width:100%;\"\n                \/>\n            <\/a>\n        <\/div>\n\t\t\t\t\t\t\t<\/div> \n\t\t\t\n        \n\t\t\t\t<div id=\"ngg-image-17\" class=\"ngg-gallery-thumbnail-box\" >\n\t\t\t\t        <div class=\"ngg-gallery-thumbnail\">\n            <a href=\"http:\/\/stadtundkunst.de\/wp-content\/gallery\/galerie-eta-theater\/img541.jpg\"\n               title=\"\"\n               data-src=\"http:\/\/stadtundkunst.de\/wp-content\/gallery\/galerie-eta-theater\/img541.jpg\"\n               data-thumbnail=\"http:\/\/stadtundkunst.de\/wp-content\/gallery\/galerie-eta-theater\/thumbs\/thumbs_img541.jpg\"\n               data-image-id=\"35\"\n               data-title=\"Starke St\u00fccke 90 m. Kulturreferent\"\n               data-description=\"\"\n               data-image-slug=\"img541\"\n               class=\"ngg-fancybox\" rel=\"744fd3a36e288eb6138ce64b059d444b\">\n                <img\n                    title=\"Starke St\u00fccke 90 m. Kulturreferent\"\n                    alt=\"Starke St\u00fccke 90 m. Kulturreferent\"\n                    src=\"http:\/\/stadtundkunst.de\/wp-content\/gallery\/galerie-eta-theater\/thumbs\/thumbs_img541.jpg\"\n                    width=\"240\"\n                    height=\"160\"\n                    style=\"max-width:100%;\"\n                \/>\n            <\/a>\n        <\/div>\n\t\t\t\t\t\t\t<\/div> \n\t\t\t\n        \n\t\t\t\t<div id=\"ngg-image-18\" class=\"ngg-gallery-thumbnail-box\" >\n\t\t\t\t        <div class=\"ngg-gallery-thumbnail\">\n            <a href=\"http:\/\/stadtundkunst.de\/wp-content\/gallery\/galerie-eta-theater\/img536.jpg\"\n               title=\"\"\n               data-src=\"http:\/\/stadtundkunst.de\/wp-content\/gallery\/galerie-eta-theater\/img536.jpg\"\n               data-thumbnail=\"http:\/\/stadtundkunst.de\/wp-content\/gallery\/galerie-eta-theater\/thumbs\/thumbs_img536.jpg\"\n               data-image-id=\"36\"\n               data-title=\"Starke St\u00fccke 90 Olympiagel\u00e4nde S\u00fcd\"\n               data-description=\"\"\n               data-image-slug=\"img536\"\n               class=\"ngg-fancybox\" rel=\"744fd3a36e288eb6138ce64b059d444b\">\n                <img\n                    title=\"Starke St\u00fccke 90 Olympiagel\u00e4nde S\u00fcd\"\n                    alt=\"Starke St\u00fccke 90 Olympiagel\u00e4nde S\u00fcd\"\n                    src=\"http:\/\/stadtundkunst.de\/wp-content\/gallery\/galerie-eta-theater\/thumbs\/thumbs_img536.jpg\"\n                    width=\"240\"\n                    height=\"160\"\n                    style=\"max-width:100%;\"\n                \/>\n            <\/a>\n        <\/div>\n\t\t\t\t\t\t\t<\/div> \n\t\t\t\n        \n\t\t\t\t<div id=\"ngg-image-19\" class=\"ngg-gallery-thumbnail-box\" >\n\t\t\t\t        <div class=\"ngg-gallery-thumbnail\">\n            <a href=\"http:\/\/stadtundkunst.de\/wp-content\/gallery\/galerie-eta-theater\/img532.jpg\"\n               title=\"\"\n               data-src=\"http:\/\/stadtundkunst.de\/wp-content\/gallery\/galerie-eta-theater\/img532.jpg\"\n               data-thumbnail=\"http:\/\/stadtundkunst.de\/wp-content\/gallery\/galerie-eta-theater\/thumbs\/thumbs_img532.jpg\"\n               data-image-id=\"37\"\n               data-title=\"Starke St\u00fccke90\"\n               data-description=\"\"\n               data-image-slug=\"img532\"\n               class=\"ngg-fancybox\" rel=\"744fd3a36e288eb6138ce64b059d444b\">\n                <img\n                    title=\"Starke St\u00fccke90\"\n                    alt=\"Starke St\u00fccke90\"\n                    src=\"http:\/\/stadtundkunst.de\/wp-content\/gallery\/galerie-eta-theater\/thumbs\/thumbs_img532.jpg\"\n                    width=\"240\"\n                    height=\"160\"\n                    style=\"max-width:100%;\"\n                \/>\n            <\/a>\n        <\/div>\n\t\t\t\t\t\t\t<\/div> \n\t\t\t\n        \n\t\t\n\t\t<!-- Pagination -->\n\t<div class='ngg-navigation'><span class='current'>1<\/span>\n<a class='page-numbers' data-pageid='2' href='http:\/\/stadtundkunst.de\/index.php\/nggallery\/page\/2?page_id=21'>2<\/a>\n<a class='prev' href='http:\/\/stadtundkunst.de\/index.php\/nggallery\/page\/2?page_id=21' data-pageid=2>&#9658;<\/a><\/div>\t<\/div>\n\n","protected":false},"excerpt":{"rendered":"<p>&#8221; order_by=&#8221;sortorder&#8221; order_direction=&#8221;ASC&#8221; returns=&#8221;included&#8221; maximum_entity_count=&#8221;500&#8243;]<\/p>\n","protected":false},"author":1,"featured_media":0,"parent":0,"menu_order":0,"comment_status":"closed","ping_status":"closed","template":"","meta":{"ngg_post_thumbnail":0},"_links":{"self":[{"href":"http:\/\/stadtundkunst.de\/index.php?rest_route=\/wp\/v2\/pages\/21"}],"collection":[{"href":"http:\/\/stadtundkunst.de\/index.php?rest_route=\/wp\/v2\/pages"}],"about":[{"href":"http:\/\/stadtundkunst.de\/index.php?rest_route=\/wp\/v2\/types\/page"}],"author":[{"embeddable":true,"href":"http:\/\/stadtundkunst.de\/index.php?rest_route=\/wp\/v2\/users\/1"}],"replies":[{"embeddable":true,"href":"http:\/\/stadtundkunst.de\/index.php?rest_route=%2Fwp%2Fv2%2Fcomments&post=21"}],"version-history":[{"count":2,"href":"http:\/\/stadtundkunst.de\/index.php?rest_route=\/wp\/v2\/pages\/21\/revisions"}],"predecessor-version":[{"id":65,"href":"http:\/\/stadtundkunst.de\/index.php?rest_route=\/wp\/v2\/pages\/21\/revisions\/65"}],"wp:attachment":[{"href":"http:\/\/stadtundkunst.de\/index.php?rest_route=%2Fwp%2Fv2%2Fmedia&parent=21"}],"curies":[{"name":"wp","href":"https:\/\/api.w.org\/{rel}","templated":true}]}}