{"id":260,"date":"2018-08-27T15:26:01","date_gmt":"2018-08-27T13:26:01","guid":{"rendered":"http:\/\/stadtundkunst.de\/?page_id=260"},"modified":"2021-05-16T11:40:59","modified_gmt":"2021-05-16T09:40:59","slug":"kultur-im-viertel-e-v-aktionen","status":"publish","type":"page","link":"http:\/\/stadtundkunst.de\/?page_id=260","title":{"rendered":"Open Air Kurzfilmfest Kurzfilme"},"content":{"rendered":"\t\t<div data-elementor-type=\"wp-page\" data-elementor-id=\"260\" class=\"elementor elementor-260\">\n\t\t\t\t\t\t\t\t\t<section class=\"elementor-section elementor-top-section elementor-element elementor-element-1c8a7ed4 elementor-section-boxed elementor-section-height-default elementor-section-height-default\" data-id=\"1c8a7ed4\" data-element_type=\"section\">\n\t\t\t\t\t\t<div class=\"elementor-container elementor-column-gap-default\">\n\t\t\t\t\t<div class=\"elementor-column elementor-col-100 elementor-top-column elementor-element elementor-element-18ee035f\" data-id=\"18ee035f\" data-element_type=\"column\">\n\t\t\t<div class=\"elementor-widget-wrap elementor-element-populated\">\n\t\t\t\t\t\t\t\t<div class=\"elementor-element elementor-element-63838f3c elementor-widget elementor-widget-text-editor\" data-id=\"63838f3c\" data-element_type=\"widget\" data-widget_type=\"text-editor.default\">\n\t\t\t\t<div class=\"elementor-widget-container\">\n\t\t\t\t\t\t\t<pre>Das open Air Kurzfilmfestival thematisiert <br \/>das st\u00e4dtische Leben in Zeiten des social Distancing.<br \/><br \/>Die Kurzfilme visualisieren die \u00f6konomischen, sozialen, <br \/>politischen Spannungen in Zeiten der Pandemie. <br \/>Sie laden die B\u00fcrgerInnen an ausgew\u00e4hlte Orte zum Gespr\u00e4ch<br \/>mittels der Kurzfilme \u00fcber die Zeit der Pandemie ein.<br \/><br \/>Die Schauspielerinnen Sophie Wendt und Gabi Graf <br \/>spielen zwischen den Kurzfilmen Szenen aus zwei <br \/>verschiednen Epochen. 1917\/18\/19 versus 2020\/21.<br \/><br \/>Die Arge FilmBeton und der e.V. Stadt und Kunst, <br \/>vertreten durch N.G.Neuner, treffen die Auswahl <br \/>der Kurzfilme. F\u00fcr die Texte der Life Szenen und deren <br \/>Umsetzung zeichnet der Autor N.G.Neuner verantwortlich.<\/pre>\t\t\t\t\t\t<\/div>\n\t\t\t\t<\/div>\n\t\t\t\t\t<\/div>\n\t\t<\/div>\n\t\t\t\t\t\t\t<\/div>\n\t\t<\/section>\n\t\t\t\t\t\t\t<\/div>\n\t\t","protected":false},"excerpt":{"rendered":"<p>Das open Air Kurzfilmfestival thematisiert das st\u00e4dtische Leben in Zeiten des social Distancing.Die Kurzfilme visualisieren die \u00f6konomischen, sozialen, politischen Spannungen in Zeiten der Pandemie. Sie laden die B\u00fcrgerInnen an ausgew\u00e4hlte Orte zum Gespr\u00e4chmittels der Kurzfilme \u00fcber die Zeit der Pandemie ein.Die Schauspielerinnen Sophie Wendt und Gabi Graf spielen zwischen den Kurzfilmen Szenen aus zwei verschiednen [&hellip;]<\/p>\n","protected":false},"author":1,"featured_media":0,"parent":0,"menu_order":0,"comment_status":"closed","ping_status":"closed","template":"","meta":{"ngg_post_thumbnail":0},"_links":{"self":[{"href":"http:\/\/stadtundkunst.de\/index.php?rest_route=\/wp\/v2\/pages\/260"}],"collection":[{"href":"http:\/\/stadtundkunst.de\/index.php?rest_route=\/wp\/v2\/pages"}],"about":[{"href":"http:\/\/stadtundkunst.de\/index.php?rest_route=\/wp\/v2\/types\/page"}],"author":[{"embeddable":true,"href":"http:\/\/stadtundkunst.de\/index.php?rest_route=\/wp\/v2\/users\/1"}],"replies":[{"embeddable":true,"href":"http:\/\/stadtundkunst.de\/index.php?rest_route=%2Fwp%2Fv2%2Fcomments&post=260"}],"version-history":[{"count":11,"href":"http:\/\/stadtundkunst.de\/index.php?rest_route=\/wp\/v2\/pages\/260\/revisions"}],"predecessor-version":[{"id":523,"href":"http:\/\/stadtundkunst.de\/index.php?rest_route=\/wp\/v2\/pages\/260\/revisions\/523"}],"wp:attachment":[{"href":"http:\/\/stadtundkunst.de\/index.php?rest_route=%2Fwp%2Fv2%2Fmedia&parent=260"}],"curies":[{"name":"wp","href":"https:\/\/api.w.org\/{rel}","templated":true}]}}